{"id":2275,"date":"2025-08-31T14:32:07","date_gmt":"2025-08-31T12:32:07","guid":{"rendered":"https:\/\/ilka-chemie.com\/antigraffitiwelt\/?page_id=2275"},"modified":"2025-09-02T19:15:18","modified_gmt":"2025-09-02T17:15:18","slug":"cookie-richtlinie","status":"publish","type":"page","link":"https:\/\/ilka-chemie.com\/antigraffitiwelt\/cookie-richtlinie\/","title":{"rendered":"Cookie-Richtlinie"},"content":{"rendered":"\t\t<div data-elementor-type=\"wp-page\" data-elementor-id=\"2275\" class=\"elementor elementor-2275\" data-elementor-post-type=\"page\">\n\t\t\t\t\t\t<div class=\"elementor-section elementor-top-section elementor-element elementor-element-1f75108 elementor-section-boxed elementor-section-height-default elementor-section-height-default\" data-id=\"1f75108\" data-element_type=\"section\" data-e-type=\"section\" data-settings=\"{&quot;background_background&quot;:&quot;video&quot;,&quot;background_play_on_mobile&quot;:&quot;yes&quot;}\">\n\t\t\t\t\t\t\t<div class=\"elementor-background-overlay\"><\/div>\n\t\t\t\t\t\t\t<div class=\"elementor-container elementor-column-gap-default\">\n\t\t\t\t\t<div class=\"elementor-column elementor-col-100 elementor-top-column elementor-element elementor-element-e026adf\" data-id=\"e026adf\" data-element_type=\"column\" data-e-type=\"column\">\n\t\t\t<div class=\"elementor-widget-wrap elementor-element-populated\">\n\t\t\t\t\t\t<div class=\"elementor-element elementor-element-149733d elementor-widget__width-initial elementor-widget-tablet__width-initial elementor-widget-mobile__width-inherit elementor-invisible elementor-widget elementor-widget-heading\" data-id=\"149733d\" data-element_type=\"widget\" data-e-type=\"widget\" data-settings=\"{&quot;_animation&quot;:&quot;fadeInUp&quot;,&quot;_animation_delay&quot;:500}\" data-widget_type=\"heading.default\">\n\t\t\t\t\t<h1 class=\"elementor-heading-title elementor-size-default\">Cookie-Richtlinie (EU)<\/h1>\t\t\t\t<\/div>\n\t\t\t\t\t<\/div>\n\t\t<\/div>\n\t\t\t\t\t<\/div>\n\t\t<\/div>\n\t\t\t\t<section class=\"elementor-section elementor-top-section elementor-element elementor-element-dd8aadb elementor-section-boxed elementor-section-height-default elementor-section-height-default\" data-id=\"dd8aadb\" data-element_type=\"section\" data-e-type=\"section\" data-settings=\"{&quot;background_background&quot;:&quot;classic&quot;}\">\n\t\t\t\t\t\t<div class=\"elementor-container elementor-column-gap-default\">\n\t\t\t\t\t<div class=\"elementor-column elementor-col-100 elementor-top-column elementor-element elementor-element-506e758\" data-id=\"506e758\" data-element_type=\"column\" data-e-type=\"column\">\n\t\t\t<div class=\"elementor-widget-wrap elementor-element-populated\">\n\t\t\t\t\t\t<div class=\"elementor-element elementor-element-a02f6e5 elementor-invisible elementor-widget elementor-widget-text-editor\" data-id=\"a02f6e5\" data-element_type=\"widget\" data-e-type=\"widget\" data-settings=\"{&quot;_animation&quot;:&quot;fadeInUp&quot;,&quot;_animation_delay&quot;:200}\" data-widget_type=\"text-editor.default\">\n\t\t\t\t\t\t\t\t\t<strong>Diese Cookie-Richtlinie wurde zuletzt am 31. August 2025 aktualisiert und gilt f\u00fcr B\u00fcrger und Einwohner mit st\u00e4ndigem Wohnsitz im Europ\u00e4ischen Wirtschaftsraum und der Schweiz.<\/strong>\n<h2>1. Einf\u00fchrung<\/h2>\nUnsere Website, <a href=\"https:\/\/ilka-chemie.com\/antigraffitiwelt\">https:\/\/ilka-chemie.com\/antigraffitiwelt<\/a> (im Folgenden: \u201edie Website\u201c) verwendet Cookies und \u00e4hnliche Technologien (der Einfachheit halber werden all diese unter \u201eCookies\u201c zusammengefasst). Cookies werden au\u00dferdem von uns beauftragten Drittparteien platziert. In dem unten stehenden Dokument informieren wir Sie \u00fcber die Verwendung von Cookies auf unserer Website.\n<h2>2. Was sind Cookies?<\/h2>\nEin Cookie ist eine einfache kleine Datei, die gemeinsam mit den Seiten einer Internetadresse versendet und vom Webbrowser auf Ihrem PC oder einem anderen Ger\u00e4t gespeichert werden kann. Die darin gespeicherten Informationen k\u00f6nnen w\u00e4hrend folgender Besuche zu unseren oder den Servern relevanter Drittanbieter gesendet werden.\n<h2>3. Was sind Skripte?<\/h2>\nEin Script ist ein St\u00fcck Programmcode, das verwendet wird, um unserer Website Funktionalit\u00e4t und Interaktivit\u00e4t zu erm\u00f6glichen. Dieser Code wird auf unseren Servern oder auf Ihrem Ger\u00e4t ausgef\u00fchrt.\n<h2>4. Was ist ein Web-Beacon?<\/h2>\nEin Web-Beacon (auch Pixel-Tag genannt) ist ein kleines unsichtbares Textfragment oder Bild auf einer Website, das verwendet wird, um den Verkehr auf der Website zu \u00fcberwachen. Um dies zu erm\u00f6glichen, werden verschiedene Daten von Ihnen mittels Web-Beacons gespeichert.\n<h2>5. Cookies<\/h2>\n<h3>5.1 Technische oder funktionelle Cookies<\/h3>\nEinige Cookies stellen sicher, dass Teile unserer Website richtig funktionieren und Ihre Nutzervorlieben bekannt bleiben. Durch das Platzieren funktionaler Cookies machen wir es Ihnen einfacher, unsere Website zu besuchen. So m\u00fcssen Sie bei Besuchen unserer Website nicht wiederholt dieselben Informationen eingeben, oder Ihre Artikel bleiben beispielsweise in Ihrem Warenkorb, bis Sie bezahlen. Wir d\u00fcrfen diese Cookies ohne Ihre Einwilligung setzen.\n<h3>5.2 Statistik-Cookies<\/h3>\nWir verwenden Statistik-Cookies, um das Website-Erlebnis f\u00fcr unsere Nutzerinnen und Nutzer zu optimieren. Mit diesen Statistik-Cookies erhalten wir Einblicke in die Nutzung unserer Website. Wir bitten um Ihre Erlaubnis, diese Cookies zu setzen.\n<h3>5.3 Marketing- \/ Tracking-Cookies<\/h3>\nMarketing- \/ Tracking-Cookies sind Cookies oder eine andere Form lokaler Speicherung, die zur Erstellung von Benutzerprofilen verwendet werden, um Werbung anzuzeigen oder den Benutzer auf dieser Website oder \u00fcber mehrere Websites hinweg f\u00fcr \u00e4hnliche Marketingzwecke zu verfolgen.\n<h3>5.4 Soziale Medien<\/h3>\nWir haben auf unserer Website Inhalte von Facebook, Twitter, WhatsApp und Instagram eingebunden, um Webseiten zu bewerben (z. B. \u201eGef\u00e4llt mir\u201c, \u201ePin\u201c) oder zu teilen (z. B. \u201eTweet\u201c) in sozialen Netzwerken. Diese Inhalte sind mit Code eingebettet, der von diesen Plattformen stammt und Cookies setzt. Diese Inhalte k\u00f6nnen bestimmte Informationen speichern und verarbeiten, um personalisierte Werbung anzuzeigen.\n\nBitte lesen Sie die Datenschutzerkl\u00e4rungen der sozialen Netzwerke (diese k\u00f6nnen sich regelm\u00e4\u00dfig \u00e4ndern), um zu erfahren, wie sie mit Ihren Daten umgehen. Die erhobenen Daten werden so weit wie m\u00f6glich anonymisiert. Die Anbieter haben ihren Sitz in den USA.\n<h2>6. Platzierte Cookies<\/h2>\n\n  <h3>WordPress<\/h3>\n  <p><strong>Verwendung:<\/strong> Wir verwenden WordPress f\u00fcr Website-Entwicklung.<\/p>\n  <p><strong>Weitergabe von Daten:<\/strong> Diese Daten werden nicht an Dritte weitergegeben.<\/p>\n  <ul>\n    <li><strong>Name:<\/strong> WP_PREFERENCES_USER_*<br><strong>Ablaufdatum:<\/strong> best\u00e4ndig<br><strong>Funktion:<\/strong> Speichert die Benutzervorlieben<\/li>\n    <li><strong>Name:<\/strong> wpEmojiSettingsSupports<br><strong>Ablaufdatum:<\/strong> Sitzung<br><strong>Funktion:<\/strong> Speichert Browser-Angaben<\/li>\n    <li><strong>Name:<\/strong> wp-settings-time-*<br><strong>Ablaufdatum:<\/strong> 1 Jahr<br><strong>Funktion:<\/strong> Speichert die Benutzervorlieben<\/li>\n    <li><strong>Name:<\/strong> wp-settings-*<br><strong>Ablaufdatum:<\/strong> best\u00e4ndig<br><strong>Funktion:<\/strong> Speichert die Benutzervorlieben<\/li>\n    <li><strong>Name:<\/strong> wordpress_logged_in_*<br><strong>Ablaufdatum:<\/strong> best\u00e4ndig<br><strong>Funktion:<\/strong> Benutzer eingeloggt lassen<\/li>\n  <\/ul>\n\n  <h3>Elementor<\/h3>\n  <p><strong>Verwendung:<\/strong> Wir verwenden Elementor f\u00fcr Inhaltserstellung.<\/p>\n  <p><strong>Weitergabe von Daten:<\/strong> Diese Daten werden nicht an Dritte weitergegeben.<\/p>\n  <ul>\n    <li><strong>Name:<\/strong> elementor<br><strong>Ablaufdatum:<\/strong> best\u00e4ndig<br><strong>Funktion:<\/strong> Speichert durchgef\u00fchrte Aktionen der Benutzer auf der Website<\/li>\n  <\/ul>\n\n  <h3>Wordfence<\/h3>\n  <p><strong>Verwendung:<\/strong> Wir verwenden Wordfence f\u00fcr Website-Sicherheit.<\/p>\n  <p><strong>Weitergabe von Daten:<\/strong> F\u00fcr weitere Informationen lesen Sie bitte die <a href=\"https:\/\/www.wordfence.com\/privacy-policy\/\" target=\"_blank\" rel=\"noopener\">Datenschutzerkl\u00e4rung von Wordfence<\/a>.<\/p>\n  <ul>\n    <li><strong>Name:<\/strong> wfwaf-authcookie*<br><strong>Ablaufdatum:<\/strong> 1 Tag<br><strong>Funktion:<\/strong> Pr\u00fcft, ob ein Benutzer eingeloggt ist<\/li>\n  <\/ul>\n\n  <h3>Facebook<\/h3>\n  <p><strong>Verwendung:<\/strong> Wir verwenden Facebook f\u00fcr Social-Media-Inhalte und Share-Buttons.<\/p>\n  <p><strong>Weitergabe von Daten:<\/strong> F\u00fcr weitere Informationen lesen Sie bitte die <a href=\"https:\/\/www.facebook.com\/privacy\/policy\/\" target=\"_blank\" rel=\"noopener\">Datenschutzerkl\u00e4rung von Facebook<\/a>.<\/p>\n  <ul>\n    <li>Cookies: _js_datr, _fbc, fbm*, xs, wd, fr, act, _fbp, datr, c_user, csm, sb, actppresence, *_fbm_ \u2013 <strong>Funktion:<\/strong> Gegenstand der Untersuchung<\/li>\n  <\/ul>\n\n  <h3>Twitter<\/h3>\n  <p><strong>Verwendung:<\/strong> Wir verwenden Twitter zur Anzeige von Social-Posts und Teilen von Inhalten.<\/p>\n  <p><strong>Weitergabe von Daten:<\/strong> F\u00fcr weitere Informationen lesen Sie bitte die <a href=\"https:\/\/twitter.com\/en\/privacy\" target=\"_blank\" rel=\"noopener\">Datenschutzerkl\u00e4rung von Twitter<\/a>.<\/p>\n  <ul>\n    <li>Cookies: local_storage_support_test, metrics_token \u2013 <strong>Funktion:<\/strong> Gegenstand der Untersuchung<\/li>\n  <\/ul>\n\n  <h3>WhatsApp<\/h3>\n  <p><strong>Verwendung:<\/strong> Wir verwenden WhatsApp f\u00fcr Chat-Support.<\/p>\n  <p><strong>Weitergabe von Daten:<\/strong> F\u00fcr weitere Informationen lesen Sie bitte die <a href=\"https:\/\/www.whatsapp.com\/legal\/privacy-policy-eea\" target=\"_blank\" rel=\"noopener\">Datenschutzerkl\u00e4rung von WhatsApp<\/a>.<\/p>\n  <ul>\n    <li>Cookies: wa_lang_pref, wa_ul \u2013 <strong>Funktion:<\/strong> Gegenstand der Untersuchung<\/li>\n  <\/ul>\n\n  <h3>Sonstige<\/h3>\n  <p><strong>Weitergabe von Daten:<\/strong> Die Weitergabe wird noch untersucht.<\/p>\n  <ul>\n    <li>Cookies: mtnc_upsell_shown, mtnc_upsell_shown_timestamp, e_kit-elements-defaults, cmplz_functional, cmplz_statistics, cmplz_preferences, cmplz_marketing \u2013 <strong>Funktion:<\/strong> Gegenstand der Untersuchung<\/li>\n  <\/ul>\n\n  <h2>7. Zustimmung<\/h2>\n  <p>Wenn Sie unsere Website zum ersten Mal besuchen, zeigen wir Ihnen ein Pop-up mit einer Erkl\u00e4rung zu Cookies. Sobald Sie auf \u201eEinstellungen speichern\u201c klicken, geben Sie uns Ihre Einwilligung, alle von Ihnen gew\u00e4hlten Kategorien von Cookies und Plugins gem\u00e4\u00df dieser Cookie-Richtlinie zu verwenden. Sie k\u00f6nnen die Verwendung von Cookies \u00fcber Ihren Browser deaktivieren \u2013 bitte beachten Sie jedoch, dass unsere Website dann unter Umst\u00e4nden nicht ordnungsgem\u00e4\u00df funktioniert.<\/p>\n\n  <h2>8. Aktivierung\/Deaktivierung und L\u00f6schen von Cookies<\/h2>\n  <p>Sie k\u00f6nnen Ihren Internetbrowser verwenden, um Cookies automatisch oder manuell zu l\u00f6schen. Sie k\u00f6nnen auch festlegen, dass bestimmte Cookies nicht gesetzt werden d\u00fcrfen. Alternativ k\u00f6nnen Sie Ihren Browser so einstellen, dass Sie jedes Mal eine Meldung erhalten, wenn ein Cookie gesetzt wird. Weitere Informationen finden Sie in den Hilfefunktionen Ihres Browsers.<\/p>\n  <p>Bitte beachten Sie: Wenn Sie alle Cookies deaktivieren, kann es sein, dass unsere Website nicht ordnungsgem\u00e4\u00df funktioniert. Wenn Sie Cookies l\u00f6schen, werden diese beim n\u00e4chsten Besuch unserer Website erneut gesetzt.<\/p>\n\n  <h2>9. Ihre Rechte in Bezug auf personenbezogene Daten<\/h2>\n  <p>Sie haben in Bezug auf Ihre personenbezogenen Daten die folgenden Rechte:<\/p>\n  <ul>\n    <li><strong>Recht auf Information:<\/strong> Sie haben das Recht zu erfahren, warum Ihre personenbezogenen Daten ben\u00f6tigt werden, was damit geschieht und wie lange sie gespeichert werden.<\/li>\n    <li><strong>Zugriffsrecht:<\/strong> Sie haben das Recht, Ihre bei uns gespeicherten personenbezogenen Daten einzusehen.<\/li>\n    <li><strong>Recht auf Berichtigung:<\/strong> Sie haben das Recht, Ihre personenbezogenen Daten jederzeit zu erg\u00e4nzen, zu korrigieren oder l\u00f6schen zu lassen.<\/li>\n    <li><strong>Recht auf Widerruf:<\/strong> Wenn Sie uns eine Einwilligung zur Verarbeitung Ihrer Daten gegeben haben, k\u00f6nnen Sie diese widerrufen und Ihre Daten l\u00f6schen lassen.<\/li>\n    <li><strong>Recht auf Daten\u00fcbertragbarkeit:<\/strong> Sie haben das Recht, Ihre personenbezogenen Daten in einem strukturierten Format zu erhalten und an einen anderen Verantwortlichen zu \u00fcbertragen.<\/li>\n    <li><strong>Widerspruchsrecht:<\/strong> Sie haben das Recht, der Verarbeitung Ihrer Daten zu widersprechen. Wir folgen dem, sofern keine berechtigten Gr\u00fcnde dagegensprechen.<\/li>\n  <\/ul>\n  <p>Zur Aus\u00fcbung dieser Rechte kontaktieren Sie uns bitte unter den untenstehenden Kontaktdaten. Wenn Sie Beschwerden \u00fcber die Art und Weise haben, wie wir mit Ihren Daten umgehen, haben Sie das Recht, sich an die zust\u00e4ndige Datenschutzbeh\u00f6rde zu wenden.<\/p>\n\n  <h2>10. Kontaktdaten<\/h2>\n  <p><strong>Ilka-Chemie GmbH<\/strong><br>\n  Danziger Str. 21<br>\n  74613 \u00d6hringen<br>\n  Deutschland<br>\n  Website: <a href=\"https:\/\/ilka-chemie.com\/antigraffitiwelt\">ilka-chemie.com\/antigraffitiwelt<\/a><br>\n  E-Mail: <a href=\"mailto:post@ilka-chemie.com\">post@ilka-chemie.com<\/a><br>\n  Telefon: +49 7941 64688 0<\/p>\n\n  <p>Diese Cookie-Richtlinie wurde mit cookiedatabase.org am 31. August 2025 synchronisiert.<\/p>\n<\/body>\n<\/html>\t\t\t\t\t\t\t\t<\/div>\n\t\t\t\t\t<\/div>\n\t\t<\/div>\n\t\t\t\t\t<\/div>\n\t\t<\/section>\n\t\t\t\t<\/div>\n\t\t","protected":false},"excerpt":{"rendered":"<p>Cookie-Richtlinie (EU) Diese Cookie-Richtlinie wurde zuletzt am 31. August 2025 aktualisiert und gilt f\u00fcr B\u00fcrger und Einwohner mit st\u00e4ndigem Wohnsitz im Europ\u00e4ischen [&hellip;]<\/p>\n","protected":false},"author":1,"featured_media":0,"parent":0,"menu_order":0,"comment_status":"closed","ping_status":"closed","template":"","meta":{"footnotes":""},"class_list":["post-2275","page","type-page","status-publish","hentry"],"_links":{"self":[{"href":"https:\/\/ilka-chemie.com\/antigraffitiwelt\/wp-json\/wp\/v2\/pages\/2275","targetHints":{"allow":["GET"]}}],"collection":[{"href":"https:\/\/ilka-chemie.com\/antigraffitiwelt\/wp-json\/wp\/v2\/pages"}],"about":[{"href":"https:\/\/ilka-chemie.com\/antigraffitiwelt\/wp-json\/wp\/v2\/types\/page"}],"author":[{"embeddable":true,"href":"https:\/\/ilka-chemie.com\/antigraffitiwelt\/wp-json\/wp\/v2\/users\/1"}],"replies":[{"embeddable":true,"href":"https:\/\/ilka-chemie.com\/antigraffitiwelt\/wp-json\/wp\/v2\/comments?post=2275"}],"version-history":[{"count":15,"href":"https:\/\/ilka-chemie.com\/antigraffitiwelt\/wp-json\/wp\/v2\/pages\/2275\/revisions"}],"predecessor-version":[{"id":2376,"href":"https:\/\/ilka-chemie.com\/antigraffitiwelt\/wp-json\/wp\/v2\/pages\/2275\/revisions\/2376"}],"wp:attachment":[{"href":"https:\/\/ilka-chemie.com\/antigraffitiwelt\/wp-json\/wp\/v2\/media?parent=2275"}],"curies":[{"name":"wp","href":"https:\/\/api.w.org\/{rel}","templated":true}]}}